{"id":523,"date":"2026-04-01T08:22:49","date_gmt":"2026-04-01T08:22:49","guid":{"rendered":"https:\/\/rbjurist.se\/?page_id=523"},"modified":"2026-04-01T08:25:45","modified_gmt":"2026-04-01T08:25:45","slug":"terms-of-use-online-meetings","status":"publish","type":"page","link":"https:\/\/rbjurist.se\/en\/anvandarvillkor-webbmoten\/","title":{"rendered":"Anv\u00e4ndarvillkor webbm\u00f6ten"},"content":{"rendered":"\t\t<div data-elementor-type=\"wp-page\" data-elementor-id=\"523\" class=\"elementor elementor-523\" data-elementor-post-type=\"page\">\n\t\t\t\t<div class=\"elementor-element elementor-element-5c03891 e-flex e-con-boxed e-con e-parent\" data-id=\"5c03891\" data-element_type=\"container\" data-e-type=\"container\">\n\t\t\t\t\t<div class=\"e-con-inner\">\n\t\t\t\t\t<\/div>\n\t\t\t\t<\/div>\n\t\t<div class=\"elementor-element elementor-element-028593e e-flex e-con-boxed e-con e-parent\" data-id=\"028593e\" data-element_type=\"container\" data-e-type=\"container\">\n\t\t\t\t\t<div class=\"e-con-inner\">\n\t\t\t\t<div class=\"elementor-element elementor-element-703495e elementor-widget elementor-widget-text-editor\" data-id=\"703495e\" data-element_type=\"widget\" data-e-type=\"widget\" data-widget_type=\"text-editor.default\">\n\t\t\t\t\t\t\t\t\t<h1><strong>Anv\u00e4ndarvillkor f\u00f6r webbm\u00f6ten<\/strong><\/h1><p><strong>\u00a0<\/strong>Dessa villkor g\u00e4ller mellan Rejhana Babovic Negotiation &amp; Employment Law AB,\u00a0org.nr\u00a0[559569-0743], (nedan \u201dByr\u00e5n\u201d, \u201dvi\u201d, \u201doss\u201d) och dig som kund (nedan \u201dKunden\u201d, \u201ddu\u201d, \u201ddig\u201d) f\u00f6r webbm\u00f6ten med juridisk r\u00e5dgivning inom arbetsr\u00e4tt.<\/p><ol><li><p><strong>Bokning av webbm\u00f6te<\/strong><\/p><\/li><\/ol><p>Du bokar webbm\u00f6te via v\u00e5r bokningssida. V\u00e4lj tid som passar dig. Tj\u00e4nsten \u00e4r begr\u00e4nsad till r\u00e5dgivning inom arbetsr\u00e4tt.<\/p><ol start=\"2\"><li><strong>Webbm\u00f6te<\/strong><\/li><\/ol><p>Under webbm\u00f6tet beskriver du din fr\u00e5ga f\u00f6r juristen. Ge tydlig information och ha dokument tillg\u00e4ngliga f\u00f6r delning i m\u00f6tet. Ju mer och tydligare information du l\u00e4mnar desto b\u00e4ttre kan juristen v\u00e4gleda dig. Juristen f\u00f6resl\u00e5r \u00e5tg\u00e4rder baserat p\u00e5 dina uppgifter. All information behandlas konfidentiellt enligt g\u00e4llande r\u00e4tt.<\/p><p>Det \u00e4r inte till\u00e5tet att filma, spela in eller sprida material fr\u00e5n webbm\u00f6tet. Kr\u00e4nkande beteende mot juristen \u00e4r f\u00f6rbjudet. Vid ol\u00e4mpligt\/kr\u00e4nkande\/trakasserande beteende har juristen r\u00e4tt att avbryta m\u00f6tet, kunden betalar f\u00f6r den bokade tiden \u00e4ven om m\u00f6tet avbryts. Juristen har r\u00e4tt att f\u00f6ra anteckningar med hj\u00e4lp av digitala verktyg som t.ex.\u00a0 Sana AI.<\/p><ol start=\"3\"><li><strong>Ytterligare resursinsatser i ditt \u00e4rende<\/strong><\/li><\/ol><p>Om du \u00f6nskar ytterligare konsultation i ditt \u00e4rende kan du antingen boka ett uppf\u00f6ljande videom\u00f6te eller, om ditt \u00e4rende kr\u00e4ver ytterligare \u00e5tg\u00e4rder, kan du anlita mig som ombud f\u00f6r vidare hantering av ditt \u00e4rende vid t.ex. en tvist. Vi vill dock belysa att v\u00e5r verksamhet erbjuder r\u00e5dgivning och f\u00f6rhandling men inte f\u00f6retr\u00e4dande i domstol. Vi \u00e5tar oss inte processf\u00f6ring eller agerar som ombud inf\u00f6r domstol eller annan r\u00e4ttslig instans.<\/p><ol start=\"4\"><li><strong>Pris och betalning<\/strong><\/li><\/ol><p>R\u00e5dgivningen erbjuds till pris enligt aktuell prislista, som framg\u00e5r f\u00f6re bokning. Betalning sker innan m\u00f6tet startar. Bekr\u00e4ftelse skickas via e-post.<\/p><ol start=\"5\"><li><strong>Ansvarsbegr\u00e4nsning<\/strong><\/li><\/ol><p>R\u00e5dgivningen baseras p\u00e5 kundens uppgifter; vi ansvarar inte f\u00f6r felaktiga uppgifter eller f\u00f6r\u00e4ndringar efter m\u00f6tet. Ansvaret begr\u00e4nsas till direkta skador upp till betalad avgift, exklusive indirekta skador som utebliven vinst. Vi ansvarar inte f\u00f6r kundens utrustning, n\u00e4tverk eller tredjepartsavbrott<\/p><ol start=\"6\"><li><strong>Dataskydd och kommunikation<\/strong><\/li><\/ol><p>Digital kommunikation (webbm\u00f6te, e-post) medf\u00f6r risker som virus eller intr\u00e5ng; kunden godk\u00e4nner detta. Personuppgifter behandlas enligt GDPR och v\u00e5ra Allm\u00e4nna villkor . Sekretess g\u00e4ller enligt lag.<\/p><ol start=\"7\"><li><strong>Avbokning<\/strong><\/li><\/ol><p>Avbokning sker kostnadsfritt senast 24 timmar innan m\u00f6testid. Vid avbokning inom 24 timmar \u00e5terbetalas avgiften till samma betalningsmetod senast inom 30 dagar. Avbokning senare \u00e4n 24 timmar ger ingen \u00e5terbetalning. Samma g\u00e4ller drop-in-m\u00f6ten.<\/p><p>Vid avbrott i tj\u00e4nsten orsakat av byr\u00e5n har du r\u00e4tt till \u00e5terbetalning f\u00f6r ej genomf\u00f6rt m\u00f6te.<\/p><ol start=\"8\"><li><strong>Betalning webbm\u00f6ten<\/strong><\/li><\/ol><p>Klarna \u00e4r en betrodd betalningspartner och erbjuder flexibla betalningsalternativ, inklusive: Betala direkt, Betala senare och Dela upp. N\u00e4r du v\u00e4ljer Klarna som betalningsalternativ visas de alternativ som \u00e4r tillg\u00e4ngliga i just ditt fall.<\/p><p>N\u00e4r du betalar med Klarna genomf\u00f6r du din betalning med en g\u00e5ng. Vid bank\u00f6verf\u00f6ring anger du dina bankuppgifter i det s\u00e4kra betalf\u00f6nstret fr\u00e5n Klarna. Rejhana Babovic Negotiation &amp; Employment Law AB kommer inte \u00e5t din data eller ditt bankkonto.<\/p><p>V\u00e4nligen notera att betalningsalternativ, villkor och funktioner kan variera beroende p\u00e5 marknad och kan uppdateras \u00f6ver tid. Utforska Klarnas villkor p\u00e5\u00a0<a href=\"https:\/\/www.klarna.com\/se\/villkor\/\" target=\"_blank\" rel=\"nofollow noopener\" data-saferedirecturl=\"https:\/\/www.google.com\/url?q=https:\/\/www.klarna.com\/se\/villkor\/&amp;source=gmail&amp;ust=1775117603874000&amp;usg=AOvVaw3DdZUAK_e_wuRVkOLWasvJ\">klarna.com<\/a>. F\u00f6r fr\u00e5gor eller betalningssupport, kontakta Klarnas kundservice.<\/p>\t\t\t\t\t\t\t\t<\/div>\n\t\t\t\t<div class=\"elementor-element elementor-element-4e21b04 elementor-widget-divider--view-line elementor-widget elementor-widget-divider\" data-id=\"4e21b04\" data-element_type=\"widget\" data-e-type=\"widget\" data-widget_type=\"divider.default\">\n\t\t\t\t\t\t\t<div class=\"elementor-divider\">\n\t\t\t<span class=\"elementor-divider-separator\">\n\t\t\t\t\t\t<\/span>\n\t\t<\/div>\n\t\t\t\t\t\t<\/div>\n\t\t\t\t\t<\/div>\n\t\t\t\t<\/div>\n\t\t\t\t<\/div>\n\t\t","protected":false},"excerpt":{"rendered":"<p>Anv\u00e4ndarvillkor f\u00f6r webbm\u00f6ten \u00a0Dessa villkor g\u00e4ller mellan Rejhana Babovic Negotiation &amp; Employment Law AB,\u00a0org.nr\u00a0[559569-0743], (nedan \u201dByr\u00e5n\u201d, \u201dvi\u201d, \u201doss\u201d) och dig som kund (nedan \u201dKunden\u201d, \u201ddu\u201d, \u201ddig\u201d) f\u00f6r webbm\u00f6ten med juridisk r\u00e5dgivning inom arbetsr\u00e4tt. Bokning av webbm\u00f6te Du bokar webbm\u00f6te via v\u00e5r bokningssida. V\u00e4lj tid som passar dig. Tj\u00e4nsten \u00e4r begr\u00e4nsad till r\u00e5dgivning inom arbetsr\u00e4tt. Webbm\u00f6te [&hellip;]<\/p>\n","protected":false},"author":4,"featured_media":0,"parent":0,"menu_order":0,"comment_status":"closed","ping_status":"closed","template":"","meta":{"footnotes":""},"class_list":["post-523","page","type-page","status-publish","hentry"],"_links":{"self":[{"href":"https:\/\/rbjurist.se\/en\/wp-json\/wp\/v2\/pages\/523","targetHints":{"allow":["GET"]}}],"collection":[{"href":"https:\/\/rbjurist.se\/en\/wp-json\/wp\/v2\/pages"}],"about":[{"href":"https:\/\/rbjurist.se\/en\/wp-json\/wp\/v2\/types\/page"}],"author":[{"embeddable":true,"href":"https:\/\/rbjurist.se\/en\/wp-json\/wp\/v2\/users\/4"}],"replies":[{"embeddable":true,"href":"https:\/\/rbjurist.se\/en\/wp-json\/wp\/v2\/comments?post=523"}],"version-history":[{"count":4,"href":"https:\/\/rbjurist.se\/en\/wp-json\/wp\/v2\/pages\/523\/revisions"}],"predecessor-version":[{"id":527,"href":"https:\/\/rbjurist.se\/en\/wp-json\/wp\/v2\/pages\/523\/revisions\/527"}],"wp:attachment":[{"href":"https:\/\/rbjurist.se\/en\/wp-json\/wp\/v2\/media?parent=523"}],"curies":[{"name":"wp","href":"https:\/\/api.w.org\/{rel}","templated":true}]}}