{"id":645,"date":"2026-04-23T15:31:27","date_gmt":"2026-04-23T15:31:27","guid":{"rendered":"https:\/\/rbjurist.se\/?page_id=645"},"modified":"2026-04-27T11:28:48","modified_gmt":"2026-04-27T11:28:48","slug":"contact","status":"publish","type":"page","link":"https:\/\/rbjurist.se\/en\/kontakt\/","title":{"rendered":"Contact"},"content":{"rendered":"\t\t<div data-elementor-type=\"wp-page\" data-elementor-id=\"645\" class=\"elementor elementor-645\" data-elementor-post-type=\"page\">\n\t\t\t\t<div class=\"elementor-element elementor-element-65bedefc e-con-full e-flex e-con e-parent\" data-id=\"65bedefc\" data-element_type=\"container\" data-e-type=\"container\" id=\"kontakt\" data-settings=\"{&quot;background_background&quot;:&quot;classic&quot;}\">\n\t\t<div class=\"elementor-element elementor-element-1e3876a e-con-full e-flex e-con e-child\" data-id=\"1e3876a\" data-element_type=\"container\" data-e-type=\"container\" data-settings=\"{&quot;background_background&quot;:&quot;classic&quot;}\">\n\t\t<div class=\"elementor-element elementor-element-32363e9 e-con-full e-flex e-con e-child\" data-id=\"32363e9\" data-element_type=\"container\" data-e-type=\"container\" data-settings=\"{&quot;background_background&quot;:&quot;classic&quot;}\">\n\t\t\t\t<div class=\"elementor-element elementor-element-e031f62 elementor-widget elementor-widget-image\" data-id=\"e031f62\" data-element_type=\"widget\" data-e-type=\"widget\" data-widget_type=\"image.default\">\n\t\t\t\t\t\t\t\t\t\t\t\t\t\t\t<img fetchpriority=\"high\" decoding=\"async\" width=\"280\" height=\"280\" src=\"https:\/\/rbjurist.se\/wp-content\/uploads\/2026\/02\/jag-min-bild.webp\" class=\"attachment-large size-large wp-image-52\" alt=\"Rejhana Babovic arbetsr\u00e4ttsjurist\" srcset=\"https:\/\/rbjurist.se\/wp-content\/uploads\/2026\/02\/jag-min-bild.webp 280w, https:\/\/rbjurist.se\/wp-content\/uploads\/2026\/02\/jag-min-bild-150x150.webp 150w\" sizes=\"(max-width: 280px) 100vw, 280px\" \/>\t\t\t\t\t\t\t\t\t\t\t\t\t\t\t<\/div>\n\t\t\t\t<div class=\"elementor-element elementor-element-4757a3e elementor-widget elementor-widget-heading\" data-id=\"4757a3e\" data-element_type=\"widget\" data-e-type=\"widget\" data-widget_type=\"heading.default\">\n\t\t\t\t\t<h2 class=\"elementor-heading-title elementor-size-default\">Rejhana Babovic<\/h2>\t\t\t\t<\/div>\n\t\t\t\t<div class=\"elementor-element elementor-element-8366133 elementor-widget elementor-widget-text-editor\" data-id=\"8366133\" data-element_type=\"widget\" data-e-type=\"widget\" data-widget_type=\"text-editor.default\">\n\t\t\t\t\t\t\t\t\t<p><a href=\"tel:+46728373906\"><span class=\"elementor-icon-list-text\">0728373906<\/span><\/a><\/p><p><a href=\"mailto:info@rbjurist.se\"><span class=\"elementor-icon-list-text\">info@rbjurist.se<\/span><\/a><\/p><p><span class=\"elementor-icon-list-text\"><b>ORG.<\/b>\u00a0559569-0743<\/span><\/p><p><span class=\"elementor-icon-list-text\">Thunstr\u00f6ms V\u00e4g 12, 131 31 Nacka<\/span><\/p><p>Rejhana Babovic Negotiation &amp; Employment Law AB<\/p>\t\t\t\t\t\t\t\t<\/div>\n\t\t\t\t<\/div>\n\t\t\t\t<\/div>\n\t\t<div class=\"elementor-element elementor-element-853c5dc e-con-full e-flex e-con e-child\" data-id=\"853c5dc\" data-element_type=\"container\" data-e-type=\"container\" data-settings=\"{&quot;background_background&quot;:&quot;classic&quot;}\">\n\t\t<div class=\"elementor-element elementor-element-e6968dc e-con-full e-flex e-con e-child\" data-id=\"e6968dc\" data-element_type=\"container\" data-e-type=\"container\" data-settings=\"{&quot;background_background&quot;:&quot;classic&quot;}\">\n\t\t\t\t<div class=\"elementor-element elementor-element-e4398f0 elementor-widget elementor-widget-icon-box\" data-id=\"e4398f0\" data-element_type=\"widget\" data-e-type=\"widget\" data-widget_type=\"icon-box.default\">\n\t\t\t\t\t\t\t<div class=\"elementor-icon-box-wrapper\">\n\n\t\t\t\n\t\t\t\t\t\t<div class=\"elementor-icon-box-content\">\n\n\t\t\t\t\t\t\t\t\t<h1 class=\"elementor-icon-box-title\">\n\t\t\t\t\t\t<span  >\n\t\t\t\t\t\t\tKontakta oss \t\t\t\t\t\t<\/span>\n\t\t\t\t\t<\/h1>\n\t\t\t\t\n\t\t\t\t\t\t\t\t\t<p class=\"elementor-icon-box-description\">\n\t\t\t\t\t\tKontakta oss s\u00e5 \u00e5terkommer vi s\u00e5 snart vi kan. \t\t\t\t\t<\/p>\n\t\t\t\t\n\t\t\t<\/div>\n\t\t\t\n\t\t<\/div>\n\t\t\t\t\t\t<\/div>\n\t\t<div class=\"elementor-element elementor-element-beb2bb7 e-con-full e-flex e-con e-child\" data-id=\"beb2bb7\" data-element_type=\"container\" data-e-type=\"container\">\n\t\t\t\t<div class=\"elementor-element elementor-element-68b1e4e elementor-button-align-stretch elementor-widget elementor-widget-form\" data-id=\"68b1e4e\" data-element_type=\"widget\" data-e-type=\"widget\" data-settings=\"{&quot;step_next_label&quot;:&quot;Next&quot;,&quot;step_previous_label&quot;:&quot;Previous&quot;,&quot;button_width&quot;:&quot;100&quot;,&quot;step_type&quot;:&quot;number_text&quot;,&quot;step_icon_shape&quot;:&quot;circle&quot;}\" data-widget_type=\"form.default\">\n\t\t\t\t\t\t\t<form class=\"elementor-form\" method=\"post\" name=\"New Form\" aria-label=\"New Form\">\n\t\t\t<input type=\"hidden\" name=\"post_id\" value=\"645\"\/>\n\t\t\t<input type=\"hidden\" name=\"form_id\" value=\"68b1e4e\"\/>\n\t\t\t<input type=\"hidden\" name=\"referer_title\" value=\"Kontakt - RB Jurist\" \/>\n\n\t\t\t\t\t\t\t<input type=\"hidden\" name=\"queried_id\" value=\"645\"\/>\n\t\t\t\n\t\t\t<div class=\"elementor-form-fields-wrapper elementor-labels-above\">\n\t\t\t\t\t\t\t\t<div class=\"elementor-field-type-text elementor-field-group elementor-column elementor-field-group-name elementor-col-50 elementor-field-required elementor-mark-required\">\n\t\t\t\t\t\t\t\t\t\t\t\t<label for=\"form-field-name\" class=\"elementor-field-label\">\n\t\t\t\t\t\t\t\tNamn\t\t\t\t\t\t\t<\/label>\n\t\t\t\t\t\t\t\t\t\t\t\t\t\t<input size=\"1\" type=\"text\" name=\"form_fields[name]\" id=\"form-field-name\" class=\"elementor-field elementor-size-sm  elementor-field-textual\" placeholder=\"Skriv ditt namn\" required=\"required\">\n\t\t\t\t\t\t\t\t\t\t\t<\/div>\n\t\t\t\t\t\t\t\t<div class=\"elementor-field-type-tel elementor-field-group elementor-column elementor-field-group-field_5dc5dd9 elementor-col-50\">\n\t\t\t\t\t\t\t\t\t\t\t\t<label for=\"form-field-field_5dc5dd9\" class=\"elementor-field-label\">\n\t\t\t\t\t\t\t\tTelefon\t\t\t\t\t\t\t<\/label>\n\t\t\t\t\t\t\t\t<input size=\"1\" type=\"tel\" name=\"form_fields[field_5dc5dd9]\" id=\"form-field-field_5dc5dd9\" class=\"elementor-field elementor-size-sm  elementor-field-textual\" placeholder=\"Skriv ditt telefonnummer\" pattern=\"[0-9()#&amp;+*-=.]+\" title=\"Endast siffror och telefontecken (#, -, *, etc) accepteras.\">\n\n\t\t\t\t\t\t<\/div>\n\t\t\t\t\t\t\t\t<div class=\"elementor-field-type-email elementor-field-group elementor-column elementor-field-group-field_cfe23ff elementor-col-100 elementor-field-required elementor-mark-required\">\n\t\t\t\t\t\t\t\t\t\t\t\t<label for=\"form-field-field_cfe23ff\" class=\"elementor-field-label\">\n\t\t\t\t\t\t\t\tE-post\t\t\t\t\t\t\t<\/label>\n\t\t\t\t\t\t\t\t\t\t\t\t\t\t<input size=\"1\" type=\"email\" name=\"form_fields[field_cfe23ff]\" id=\"form-field-field_cfe23ff\" class=\"elementor-field elementor-size-sm  elementor-field-textual\" placeholder=\"Skriv din e-postadress\" required=\"required\">\n\t\t\t\t\t\t\t\t\t\t\t<\/div>\n\t\t\t\t\t\t\t\t<div class=\"elementor-field-type-textarea elementor-field-group elementor-column elementor-field-group-message elementor-col-100\">\n\t\t\t\t\t\t\t\t\t\t\t\t<label for=\"form-field-message\" class=\"elementor-field-label\">\n\t\t\t\t\t\t\t\tMeddelande\t\t\t\t\t\t\t<\/label>\n\t\t\t\t\t\t<textarea class=\"elementor-field-textual elementor-field  elementor-size-sm\" name=\"form_fields[message]\" id=\"form-field-message\" rows=\"4\" placeholder=\"Skriv ett meddelande till oss\"><\/textarea>\t\t\t\t<\/div>\n\t\t\t\t\t\t\t\t<div class=\"elementor-field-type-recaptcha_v3 elementor-field-group elementor-column elementor-field-group-field_968c626 elementor-col-100 recaptcha_v3-inline\">\n\t\t\t\t\t<div class=\"elementor-field\" id=\"form-field-field_968c626\"><div class=\"elementor-g-recaptcha\" data-sitekey=\"6LeQvswsAAAAAFTJvpEQQG1VSU6sm2eQa6Xm75Ig\" data-type=\"v3\" data-action=\"Form\" data-badge=\"inline\" data-size=\"invisible\"><\/div><\/div>\t\t\t\t<\/div>\n\t\t\t\t\t\t\t\t<div class=\"elementor-field-group elementor-column elementor-field-type-submit elementor-col-100 e-form__buttons\">\n\t\t\t\t\t<button class=\"elementor-button elementor-size-sm\" type=\"submit\">\n\t\t\t\t\t\t<span class=\"elementor-button-content-wrapper\">\n\t\t\t\t\t\t\t\t\t\t\t\t\t\t\t\t\t\t\t\t\t\t<span class=\"elementor-button-text\">Skicka<\/span>\n\t\t\t\t\t\t\t\t\t\t\t\t\t<\/span>\n\t\t\t\t\t<\/button>\n\t\t\t\t<\/div>\n\t\t\t<\/div>\n\t\t<\/form>\n\t\t\t\t\t\t<\/div>\n\t\t\t\t<div class=\"elementor-element elementor-element-3746fc2 elementor-widget elementor-widget-text-editor\" data-id=\"3746fc2\" data-element_type=\"widget\" data-e-type=\"widget\" data-widget_type=\"text-editor.default\">\n\t\t\t\t\t\t\t\t\t<p><a href=\"https:\/\/rbjurist.se\/integritets-och-cookiepolicy\/\" target=\"_blank\" rel=\"noopener\">Integritetspolicy<\/a><\/p>\t\t\t\t\t\t\t\t<\/div>\n\t\t\t\t<\/div>\n\t\t\t\t<\/div>\n\t\t\t\t<\/div>\n\t\t\t\t<\/div>\n\t\t<div class=\"elementor-element elementor-element-9b533d6 e-flex e-con-boxed e-con e-parent\" data-id=\"9b533d6\" data-element_type=\"container\" data-e-type=\"container\">\n\t\t\t\t\t<div class=\"e-con-inner\">\n\t\t\t\t<div class=\"elementor-element elementor-element-1787279 elementor-widget elementor-widget-heading\" data-id=\"1787279\" data-element_type=\"widget\" data-e-type=\"widget\" data-widget_type=\"heading.default\">\n\t\t\t\t\t<h2 class=\"elementor-heading-title elementor-size-default\">Webbm\u00f6te<\/h2>\t\t\t\t<\/div>\n\t\t\t\t<div class=\"elementor-element elementor-element-66de023 elementor-widget elementor-widget-html\" data-id=\"66de023\" data-element_type=\"widget\" data-e-type=\"widget\" data-widget_type=\"html.default\">\n\t\t\t\t\t<!-- Koalendar Inline Embed Start -->\r\n<div id=\"inline-widget-boka-digitalt-radgivningsmote\"><\/div>\r\n<script>window.Koalendar=window.Koalendar||function(){(Koalendar.props=Koalendar.props||[]).push(arguments)};<\/script>\r\n<script async src=\"https:\/\/koalendar.com\/assets\/widget.js\"><\/script>\r\n<script>Koalendar('inline', {\"url\":\"https:\/\/koalendar.com\/e\/boka-digitalt-radgivningsmote\",\"selector\":\"#inline-widget-boka-digitalt-radgivningsmote\"});<\/script>\r\n<!-- Koalendar Inline Embed End -->\t\t\t\t<\/div>\n\t\t\t\t\t<\/div>\n\t\t\t\t<\/div>\n\t\t\t\t<\/div>\n\t\t","protected":false},"excerpt":{"rendered":"<p>Rejhana Babovic 0728373906 info@rbjurist.se ORG.\u00a0559569-0743 Thunstr\u00f6ms V\u00e4g 12, 131 31 Nacka Rejhana Babovic Negotiation &amp; Employment Law AB Kontakta oss Kontakta oss s\u00e5 \u00e5terkommer vi s\u00e5 snart vi kan. Integritetspolicy Webbm\u00f6te<\/p>","protected":false},"author":4,"featured_media":0,"parent":0,"menu_order":0,"comment_status":"closed","ping_status":"closed","template":"","meta":{"footnotes":""},"class_list":["post-645","page","type-page","status-publish","hentry"],"_links":{"self":[{"href":"https:\/\/rbjurist.se\/en\/wp-json\/wp\/v2\/pages\/645","targetHints":{"allow":["GET"]}}],"collection":[{"href":"https:\/\/rbjurist.se\/en\/wp-json\/wp\/v2\/pages"}],"about":[{"href":"https:\/\/rbjurist.se\/en\/wp-json\/wp\/v2\/types\/page"}],"author":[{"embeddable":true,"href":"https:\/\/rbjurist.se\/en\/wp-json\/wp\/v2\/users\/4"}],"replies":[{"embeddable":true,"href":"https:\/\/rbjurist.se\/en\/wp-json\/wp\/v2\/comments?post=645"}],"version-history":[{"count":40,"href":"https:\/\/rbjurist.se\/en\/wp-json\/wp\/v2\/pages\/645\/revisions"}],"predecessor-version":[{"id":846,"href":"https:\/\/rbjurist.se\/en\/wp-json\/wp\/v2\/pages\/645\/revisions\/846"}],"wp:attachment":[{"href":"https:\/\/rbjurist.se\/en\/wp-json\/wp\/v2\/media?parent=645"}],"curies":[{"name":"wp","href":"https:\/\/api.w.org\/{rel}","templated":true}]}}