{"id":949,"date":"2026-04-30T06:18:48","date_gmt":"2026-04-30T06:18:48","guid":{"rendered":"https:\/\/rbjurist.se\/?page_id=949"},"modified":"2026-05-02T05:40:26","modified_gmt":"2026-05-02T05:40:26","slug":"administrative-rights","status":"publish","type":"page","link":"https:\/\/rbjurist.se\/en\/arbetsratt\/forvaltningsratt\/","title":{"rendered":"Administrative law"},"content":{"rendered":"<div data-elementor-type=\"wp-page\" data-elementor-id=\"949\" class=\"elementor elementor-949\" data-elementor-post-type=\"page\">\n\t\t\t\t<div class=\"elementor-element elementor-element-50b3f8c4 e-con-full e-flex e-con e-parent\" data-id=\"50b3f8c4\" data-element_type=\"container\" data-e-type=\"container\" data-settings=\"{&quot;background_background&quot;:&quot;classic&quot;}\">\n\t\t<div class=\"elementor-element elementor-element-6251987c e-con-full e-flex e-con e-child\" data-id=\"6251987c\" data-element_type=\"container\" data-e-type=\"container\">\n\t\t\t\t<div class=\"elementor-element elementor-element-cccf020 elementor-widget elementor-widget-heading\" data-id=\"cccf020\" data-element_type=\"widget\" data-e-type=\"widget\" data-widget_type=\"heading.default\">\n\t\t\t\t\t<h1 class=\"elementor-heading-title elementor-size-default\">Administrative law<\/h1>\t\t\t\t<\/div>\n\t\t\t\t<div class=\"elementor-element elementor-element-17ecf03 elementor-widget elementor-widget-text-editor\" data-id=\"17ecf03\" data-element_type=\"widget\" data-e-type=\"widget\" data-widget_type=\"text-editor.default\">\n\t\t\t\t\t\t\t\t\t<p><span style=\"font-weight: 400;\">Administrative law covers all decisions made by government agencies and municipalities, which can affect your daily life in many ways. If you need support in your situation, a lawyer can help you navigate the process, from preparing correct documents to appealing agency decisions.<\/span><\/p>\t\t\t\t\t\t\t\t<\/div>\n\t\t\t\t<div class=\"elementor-element elementor-element-39476a8c elementor-widget elementor-widget-button\" data-id=\"39476a8c\" data-element_type=\"widget\" data-e-type=\"widget\" data-widget_type=\"button.default\">\n\t\t\t\t\t\t\t\t\t\t<a class=\"elementor-button elementor-button-link elementor-size-sm\" href=\"https:\/\/rbjurist.se\/en\/contact\/\">\n\t\t\t\t\t\t<span class=\"elementor-button-content-wrapper\">\n\t\t\t\t\t\t\t\t\t<span class=\"elementor-button-text\">Book a web meeting<\/span>\n\t\t\t\t\t<\/span>\n\t\t\t\t\t<\/a>\n\t\t\t\t\t\t\t\t<\/div>\n\t\t\t\t<\/div>\n\t\t\t\t<\/div>\n\t\t<div class=\"elementor-element elementor-element-626e4501 e-flex e-con-boxed e-con e-parent\" data-id=\"626e4501\" data-element_type=\"container\" data-e-type=\"container\" data-settings=\"{&quot;background_background&quot;:&quot;classic&quot;}\">\n\t\t\t\t\t<div class=\"e-con-inner\">\n\t\t<div class=\"elementor-element elementor-element-e55623d e-con-full e-flex e-con e-child\" data-id=\"e55623d\" data-element_type=\"container\" data-e-type=\"container\">\n\t\t\t\t<div class=\"elementor-element elementor-element-184908c7 elementor-widget elementor-widget-heading\" data-id=\"184908c7\" data-element_type=\"widget\" data-e-type=\"widget\" data-widget_type=\"heading.default\">\n\t\t\t\t\t<h2 class=\"elementor-heading-title elementor-size-default\">Appeal government decisions \u2013 Get legal help in administrative courts<\/h2>\t\t\t\t<\/div>\n\t\t\t\t<div class=\"elementor-element elementor-element-1d4b6fd1 elementor-widget elementor-widget-text-editor\" data-id=\"1d4b6fd1\" data-element_type=\"widget\" data-e-type=\"widget\" data-widget_type=\"text-editor.default\">\n\t\t\t\t\t\t\t\t\t<p>Have you received an incorrect decision from an authority? You are not alone. When the authority<br \/>If a decision has been made that feels unfair or wrong, it is crucial to take action.<br \/>Fast and legally correct. We help both private individuals and companies to pursue<br \/>administrative law cases from start to finish, with the goal of winning in administrative court.<\/p>\t\t\t\t\t\t\t\t<\/div>\n\t\t\t\t<\/div>\n\t\t\t\t\t<\/div>\n\t\t\t\t<\/div>\n\t\t<div class=\"elementor-element elementor-element-89edc48 e-flex e-con-boxed e-con e-parent\" data-id=\"89edc48\" data-element_type=\"container\" data-e-type=\"container\">\n\t\t\t\t\t<div class=\"e-con-inner\">\n\t\t<div class=\"elementor-element elementor-element-773d6750 e-con-full e-flex e-con e-child\" data-id=\"773d6750\" data-element_type=\"container\" data-e-type=\"container\">\n\t\t\t\t<div class=\"elementor-element elementor-element-4425805b elementor-widget elementor-widget-heading\" data-id=\"4425805b\" data-element_type=\"widget\" data-e-type=\"widget\" data-widget_type=\"heading.default\">\n\t\t\t\t\t<h2 class=\"elementor-heading-title elementor-size-default\">Why hire a lawyer for your appeal?<\/h2>\t\t\t\t<\/div>\n\t\t\t\t<div class=\"elementor-element elementor-element-63bc3704 elementor-widget elementor-widget-text-editor\" data-id=\"63bc3704\" data-element_type=\"widget\" data-e-type=\"widget\" data-widget_type=\"text-editor.default\">\n\t\t\t\t\t\t\t\t\t<p><span style=\"font-weight: 400;\">Running a case in administrative court requires more than just a strong argument; it requires in-depth knowledge of the Administrative Procedure Act (FPL) and how authorities work. Appealing on your own can be complex, but with the right legal expertise, you significantly increase your chances of success.<\/span><\/p><ul><li style=\"font-weight: 400;\" aria-level=\"1\"><b>Strategic analysis<\/b><span style=\"font-weight: 400;\"> We are scrutinizing the decision in minute detail to find flaws in the handling or incorrect legal interpretation.<\/span><\/li><li style=\"font-weight: 400;\" aria-level=\"1\"><b>Professional Legal Argumentation:<\/b><span style=\"font-weight: 400;\"> We will transform your facts and your situation into a formal legal filing tailored to persuade the court.<\/span><\/li><\/ul><p><b><br \/>Experience in process management:<\/b><span style=\"font-weight: 400;\"> We know which evidence is relevant and how to present it to achieve the greatest impact in court.<\/span><\/p>\t\t\t\t\t\t\t\t<\/div>\n\t\t\t\t<\/div>\n\t\t\t\t\t<\/div>\n\t\t\t\t<\/div>\n\t\t<div class=\"elementor-element elementor-element-4ea9fb51 e-flex e-con-boxed e-con e-parent\" data-id=\"4ea9fb51\" data-element_type=\"container\" data-e-type=\"container\" data-settings=\"{&quot;background_background&quot;:&quot;classic&quot;}\">\n\t\t\t\t\t<div class=\"e-con-inner\">\n\t\t<div class=\"elementor-element elementor-element-ed285ac e-con-full e-flex e-con e-child\" data-id=\"ed285ac\" data-element_type=\"container\" data-e-type=\"container\">\n\t\t\t\t<div class=\"elementor-element elementor-element-6f2c01cb elementor-widget elementor-widget-heading\" data-id=\"6f2c01cb\" data-element_type=\"widget\" data-e-type=\"widget\" data-widget_type=\"heading.default\">\n\t\t\t\t\t<h2 class=\"elementor-heading-title elementor-size-default\">We help you with matters within administrative law.<\/h2>\t\t\t\t<\/div>\n\t\t\t\t<div class=\"elementor-element elementor-element-1f9721e1 elementor-widget elementor-widget-text-editor\" data-id=\"1f9721e1\" data-element_type=\"widget\" data-e-type=\"widget\" data-widget_type=\"text-editor.default\">\n\t\t\t\t\t\t\t\t\t<p><span style=\"font-weight: 400;\">We represent clients in a variety of administrative law disputes.\u00a0<\/span><\/p>\n<ul>\n<li style=\"font-weight: 400;\" aria-level=\"1\"><b>Social Security matters:<\/b><span style=\"font-weight: 400;\"> Appeals concerning sickness benefit, personal assistance allowance, and occupational injury insurance from the Swedish Social Insurance Agency.<\/span><\/li>\n<li style=\"font-weight: 400;\" aria-level=\"1\"><b>Socialtj\u00e4nst\u00e4renden (SoL):<\/b><span style=\"font-weight: 400;\"> St\u00f6d vid beslut om bist\u00e5nd<\/span><\/li>\n<li><b>Migration Matters<\/b><span style=\"font-weight: 400;\"> Juridiskt st\u00f6d vid ompr\u00f6vning av beslut<\/span><\/li>\n<\/ul>\t\t\t\t\t\t\t\t<\/div>\n\t\t\t\t<\/div>\n\t\t\t\t\t<\/div>\n\t\t\t\t<\/div>\n\t\t<div class=\"elementor-element elementor-element-178abdca e-flex e-con-boxed e-con e-parent\" data-id=\"178abdca\" data-element_type=\"container\" data-e-type=\"container\">\n\t\t\t\t\t<div class=\"e-con-inner\">\n\t\t<div class=\"elementor-element elementor-element-4a8f8b63 e-con-full e-flex e-con e-child\" data-id=\"4a8f8b63\" data-element_type=\"container\" data-e-type=\"container\">\n\t\t\t\t<div class=\"elementor-element elementor-element-51d75fb7 elementor-widget elementor-widget-heading\" data-id=\"51d75fb7\" data-element_type=\"widget\" data-e-type=\"widget\" data-widget_type=\"heading.default\">\n\t\t\t\t\t<h2 class=\"elementor-heading-title elementor-size-default\">This is how the appeals process works<\/h2>\t\t\t\t<\/div>\n\t\t\t\t<div class=\"elementor-element elementor-element-13298dc4 elementor-widget elementor-widget-text-editor\" data-id=\"13298dc4\" data-element_type=\"widget\" data-e-type=\"widget\" data-widget_type=\"text-editor.default\">\n\t\t\t\t\t\t\t\t\t<p><span style=\"font-weight: 400;\">Appealing a government decision doesn't have to be overwhelming. Here's how we support you:<\/span><\/p>\n<ol>\n<li style=\"font-weight: 400;\" aria-level=\"1\"><b>Free initial consultation:<\/b><span style=\"font-weight: 400;\"> We will review your case and provide an honest assessment of your chances of success.<\/span><\/li>\n<li style=\"font-weight: 400;\" aria-level=\"1\"><b>Thorough review:<\/b><span style=\"font-weight: 400;\"> We collect all documentation and analyze the authority's decision.<\/span><\/li>\n<li style=\"font-weight: 400;\" aria-level=\"1\"><b>Appeal<\/b><span style=\"font-weight: 400;\"> We are drafting a well-structured appeal that will be submitted to the competent court within the statutory deadline.<\/span><\/li>\n<\/ol>\t\t\t\t\t\t\t\t<\/div>\n\t\t\t\t<\/div>\n\t\t\t\t\t<\/div>\n\t\t\t\t<\/div>\n\t\t<div class=\"elementor-element elementor-element-6c4127ba e-flex e-con-boxed e-con e-parent\" data-id=\"6c4127ba\" data-element_type=\"container\" data-e-type=\"container\">\n\t\t\t\t\t<div class=\"e-con-inner\">\n\t\t<div class=\"elementor-element elementor-element-5b6a8a26 e-con-full e-flex e-con e-child\" data-id=\"5b6a8a26\" data-element_type=\"container\" data-e-type=\"container\">\n\t\t\t\t<div class=\"elementor-element elementor-element-6790c0fd elementor-widget elementor-widget-heading\" data-id=\"6790c0fd\" data-element_type=\"widget\" data-e-type=\"widget\" data-widget_type=\"heading.default\">\n\t\t\t\t\t<h2 class=\"elementor-heading-title elementor-size-default\">Financing: Legal protection in insurance<\/h2>\t\t\t\t<\/div>\n\t\t\t\t<div class=\"elementor-element elementor-element-1b260e95 elementor-widget elementor-widget-text-editor\" data-id=\"1b260e95\" data-element_type=\"widget\" data-e-type=\"widget\" data-widget_type=\"text-editor.default\">\n\t\t\t\t\t\t\t\t\t<p><span style=\"font-weight: 400;\">We charge a fixed hourly rate of SEK 1,000 (excluding VAT) for our legal services in administrative law. However, many private individuals and companies have legal protection insurance included in their home or business insurance that covers most of the costs for legal assistance in a legal dispute. We will of course help you check your insurance terms and apply for legal protection when we start our collaboration.<\/span><\/p>\t\t\t\t\t\t\t\t<\/div>\n\t\t\t\t<\/div>\n\t\t\t\t\t<\/div>\n\t\t\t\t<\/div>\n\t\t<div class=\"elementor-element elementor-element-6a103b19 e-flex e-con-boxed e-con e-parent\" data-id=\"6a103b19\" data-element_type=\"container\" data-e-type=\"container\">\n\t\t\t\t\t<div class=\"e-con-inner\">\n\t\t<div class=\"elementor-element elementor-element-1197c88f e-con-full e-flex e-con e-child\" data-id=\"1197c88f\" data-element_type=\"container\" data-e-type=\"container\">\n\t\t\t\t<div class=\"elementor-element elementor-element-59511f8d elementor-widget elementor-widget-heading\" data-id=\"59511f8d\" data-element_type=\"widget\" data-e-type=\"widget\" data-widget_type=\"heading.default\">\n\t\t\t\t\t<h2 class=\"elementor-heading-title elementor-size-default\">Do you need help with your case?<\/h2>\t\t\t\t<\/div>\n\t\t\t\t<div class=\"elementor-element elementor-element-ff1b8f8 elementor-widget elementor-widget-text-editor\" data-id=\"ff1b8f8\" data-element_type=\"widget\" data-e-type=\"widget\" data-widget_type=\"text-editor.default\">\n\t\t\t\t\t\t\t\t\t<p><span style=\"font-weight: 400;\">Contact us today for an initial assessment of your appeal. Time is often of the essence; in most cases, you only have three weeks to appeal from the date you received the decision. Let us ensure your voice is heard in court.<\/span><\/p>\t\t\t\t\t\t\t\t<\/div>\n\t\t\t\t<div class=\"elementor-element elementor-element-18f9bdad elementor-widget elementor-widget-button\" data-id=\"18f9bdad\" data-element_type=\"widget\" data-e-type=\"widget\" data-widget_type=\"button.default\">\n\t\t\t\t\t\t\t\t\t\t<a class=\"elementor-button elementor-button-link elementor-size-sm\" href=\"https:\/\/rbjurist.se\/en\/contact\/\">\n\t\t\t\t\t\t<span class=\"elementor-button-content-wrapper\">\n\t\t\t\t\t\t\t\t\t<span class=\"elementor-button-text\">Book a web meeting<\/span>\n\t\t\t\t\t<\/span>\n\t\t\t\t\t<\/a>\n\t\t\t\t\t\t\t\t<\/div>\n\t\t\t\t<\/div>\n\t\t\t\t\t<\/div>\n\t\t\t\t<\/div>\n\t\t\t\t<\/div>","protected":false},"excerpt":{"rendered":"<p>F\u00f6rvaltningsr\u00e4tt F\u00f6rvaltningsr\u00e4tten omfattar alla beslut som fattas av statliga myndigheter och kommuner, vilket kan p\u00e5verka din vardag p\u00e5 m\u00e5nga s\u00e4tt. Om du beh\u00f6ver st\u00f6d i din situation kan en\u00a0 jurist hj\u00e4lpa dig att navigera processen, fr\u00e5n att ta fram korrekta dokument till att \u00f6verklaga myndighetsbeslut. Boka webbm\u00f6te \u00d6verklaga myndighetsbeslut \u2013 F\u00e5 juridisk hj\u00e4lp i f\u00f6rvaltningsr\u00e4tten [&hellip;]<\/p>\n","protected":false},"author":4,"featured_media":0,"parent":662,"menu_order":0,"comment_status":"closed","ping_status":"closed","template":"","meta":{"footnotes":""},"class_list":["post-949","page","type-page","status-publish","hentry"],"_links":{"self":[{"href":"https:\/\/rbjurist.se\/en\/wp-json\/wp\/v2\/pages\/949","targetHints":{"allow":["GET"]}}],"collection":[{"href":"https:\/\/rbjurist.se\/en\/wp-json\/wp\/v2\/pages"}],"about":[{"href":"https:\/\/rbjurist.se\/en\/wp-json\/wp\/v2\/types\/page"}],"author":[{"embeddable":true,"href":"https:\/\/rbjurist.se\/en\/wp-json\/wp\/v2\/users\/4"}],"replies":[{"embeddable":true,"href":"https:\/\/rbjurist.se\/en\/wp-json\/wp\/v2\/comments?post=949"}],"version-history":[{"count":14,"href":"https:\/\/rbjurist.se\/en\/wp-json\/wp\/v2\/pages\/949\/revisions"}],"predecessor-version":[{"id":1219,"href":"https:\/\/rbjurist.se\/en\/wp-json\/wp\/v2\/pages\/949\/revisions\/1219"}],"up":[{"embeddable":true,"href":"https:\/\/rbjurist.se\/en\/wp-json\/wp\/v2\/pages\/662"}],"wp:attachment":[{"href":"https:\/\/rbjurist.se\/en\/wp-json\/wp\/v2\/media?parent=949"}],"curies":[{"name":"wp","href":"https:\/\/api.w.org\/{rel}","templated":true}]}}